{"id":1346,"date":"2023-07-04T12:09:26","date_gmt":"2023-07-04T15:09:26","guid":{"rendered":"https:\/\/fortalezatoptour.com\/?post_type=product&#038;p=1346"},"modified":"2026-01-19T10:40:49","modified_gmt":"2026-01-19T13:40:49","slug":"passeio-cumbuco","status":"publish","type":"product","link":"https:\/\/fortalezatoptour.com\/index.php\/product\/passeio-cumbuco\/","title":{"rendered":"PASSEIO CUMBUCO"},"content":{"rendered":"<h3>Importante saber<\/h3>\n<p>Sa\u00edda a partir de 08h00 &#8211; Buscamos na Praia do Futuro, Praia do Mucuripe, Beira Mar, Praia de Iracema e alguns pontos pr\u00f3ximos do Centro da cidade. Est\u00e1 incluso no passeio: &#8211; Transporte ida e volta em \u00f4nibus, micro\u00f4nibus ou vans &#8211; Guia tur\u00edstico<\/p>\n<p>&nbsp;<\/p>\n<h3>Paradas<\/h3>\n<p>&#8211; Cumbuco<br \/>\n&#8211; Barraca de apoio Chico do Caranguejo<\/p>\n<p>&nbsp;<\/p>\n<h3>Sa\u00edda<\/h3>\n<p>Sa\u00eddas a partir de 08h00<\/p>\n","protected":false},"excerpt":{"rendered":"<p>O passeio de CUMBUCO acontece durante o dia inteiro, com sa\u00edda pela manh\u00e3 e retorno a partir das 16h para Fortaleza. Ao chegar na barraca voc\u00ea ir\u00e1 aproveitar o dia curtindo a estrutura com a sua fam\u00edlia. Uma \u00f3tima dica \u00e9 o passeio OPCIONAL de buggy, contratado com a associa\u00e7\u00e3o no local. Cada duna reserva uma aventura radical. Al\u00e9m disso, quadriciclos, jangada, cavalo, jet-sky, banana-boat e o ecoturismo, podem ser outras op\u00e7\u00f5es de aventura na regi\u00e3o. (necess\u00e1rio verificar os valores no local).<\/p>\n<style>\n        .botao {\n            display: inline-block;\n            padding: 10px 20px;\n            background-color: #007bff; \/* Cor de fundo do bot\u00e3o *\/\n            color: #fff; \/* Cor do texto do bot\u00e3o *\/\n            text-decoration: none; \/* Remover sublinhado padr\u00e3o de links *\/\n            border: none; \/* Remover borda padr\u00e3o *\/\n            border-radius: 5px; \/* Cantos arredondados *\/\n        }\n    <\/style>\n<p><a href=\"mailto:toptourexperiencefortaleza@gmail.com\" class=\"botao\">Reserve<\/a><br \/>\n<\/body><\/p>\n","protected":false},"featured_media":1347,"comment_status":"open","ping_status":"closed","template":"","meta":{"site-sidebar-layout":"default","site-content-layout":"default","ast-site-content-layout":"default","site-content-style":"default","site-sidebar-style":"default","ast-global-header-display":"","ast-banner-title-visibility":"","ast-main-header-display":"","ast-hfb-above-header-display":"","ast-hfb-below-header-display":"","ast-hfb-mobile-header-display":"","site-post-title":"","ast-breadcrumbs-content":"","ast-featured-img":"","footer-sml-layout":"","ast-disable-related-posts":"","theme-transparent-header-meta":"default","adv-header-id-meta":"","stick-header-meta":"","header-above-stick-meta":"","header-main-stick-meta":"","header-below-stick-meta":"","astra-migrate-meta-layouts":"set","ast-page-background-enabled":"default","ast-page-background-meta":{"desktop":{"background-color":"var(--ast-global-color-4)","background-image":"","background-repeat":"repeat","background-position":"center center","background-size":"auto","background-attachment":"scroll","background-type":"","background-media":"","overlay-type":"","overlay-color":"","overlay-opacity":"","overlay-gradient":""},"tablet":{"background-color":"","background-image":"","background-repeat":"repeat","background-position":"center center","background-size":"auto","background-attachment":"scroll","background-type":"","background-media":"","overlay-type":"","overlay-color":"","overlay-opacity":"","overlay-gradient":""},"mobile":{"background-color":"","background-image":"","background-repeat":"repeat","background-position":"center center","background-size":"auto","background-attachment":"scroll","background-type":"","background-media":"","overlay-type":"","overlay-color":"","overlay-opacity":"","overlay-gradient":""}},"ast-content-background-meta":{"desktop":{"background-color":"var(--ast-global-color-5)","background-image":"","background-repeat":"repeat","background-position":"center center","background-size":"auto","background-attachment":"scroll","background-type":"","background-media":"","overlay-type":"","overlay-color":"","overlay-opacity":"","overlay-gradient":""},"tablet":{"background-color":"var(--ast-global-color-5)","background-image":"","background-repeat":"repeat","background-position":"center center","background-size":"auto","background-attachment":"scroll","background-type":"","background-media":"","overlay-type":"","overlay-color":"","overlay-opacity":"","overlay-gradient":""},"mobile":{"background-color":"var(--ast-global-color-5)","background-image":"","background-repeat":"repeat","background-position":"center center","background-size":"auto","background-attachment":"scroll","background-type":"","background-media":"","overlay-type":"","overlay-color":"","overlay-opacity":"","overlay-gradient":""}}},"product_brand":[],"product_cat":[15],"product_tag":[],"class_list":{"0":"post-1346","1":"product","2":"type-product","3":"status-publish","4":"has-post-thumbnail","6":"product_cat-passeios","7":"desktop-align-left","8":"tablet-align-left","9":"mobile-align-left","11":"first","12":"instock","13":"shipping-taxable","14":"purchasable","15":"product-type-simple"},"_links":{"self":[{"href":"https:\/\/fortalezatoptour.com\/index.php\/wp-json\/wp\/v2\/product\/1346","targetHints":{"allow":["GET"]}}],"collection":[{"href":"https:\/\/fortalezatoptour.com\/index.php\/wp-json\/wp\/v2\/product"}],"about":[{"href":"https:\/\/fortalezatoptour.com\/index.php\/wp-json\/wp\/v2\/types\/product"}],"replies":[{"embeddable":true,"href":"https:\/\/fortalezatoptour.com\/index.php\/wp-json\/wp\/v2\/comments?post=1346"}],"wp:featuredmedia":[{"embeddable":true,"href":"https:\/\/fortalezatoptour.com\/index.php\/wp-json\/wp\/v2\/media\/1347"}],"wp:attachment":[{"href":"https:\/\/fortalezatoptour.com\/index.php\/wp-json\/wp\/v2\/media?parent=1346"}],"wp:term":[{"taxonomy":"product_brand","embeddable":true,"href":"https:\/\/fortalezatoptour.com\/index.php\/wp-json\/wp\/v2\/product_brand?post=1346"},{"taxonomy":"product_cat","embeddable":true,"href":"https:\/\/fortalezatoptour.com\/index.php\/wp-json\/wp\/v2\/product_cat?post=1346"},{"taxonomy":"product_tag","embeddable":true,"href":"https:\/\/fortalezatoptour.com\/index.php\/wp-json\/wp\/v2\/product_tag?post=1346"}],"curies":[{"name":"wp","href":"https:\/\/api.w.org\/{rel}","templated":true}]}}