{"id":1342,"date":"2023-07-04T12:04:04","date_gmt":"2023-07-04T15:04:04","guid":{"rendered":"https:\/\/fortalezatoptour.com\/?post_type=product&#038;p=1342"},"modified":"2026-01-19T10:39:51","modified_gmt":"2026-01-19T13:39:51","slug":"3-praias-em-um-dia","status":"publish","type":"product","link":"https:\/\/fortalezatoptour.com\/index.php\/product\/3-praias-em-um-dia\/","title":{"rendered":"3 PRAIAS EM UM DIA"},"content":{"rendered":"<h3>Importante saber<\/h3>\n<p>Sa\u00edda a partir de 6:30h da manh\u00e3 Morro Branco, P., Fontes e Canoa quebrada Caminhada ecol\u00f3gica pelo labirinto de fal\u00e9sias coloridas ( Buggy opcional) Parada no Ant\u00f4nio do coco Canoa Quebrada. &#8211; Nosso transporte para esse passeio \u00e9 \u00f4nibus, micro-\u00f4nibus ou van.<\/p>\n<p>&nbsp;<\/p>\n<h3>Paradas<\/h3>\n<p>&#8211; Morro Branco<br \/>\n&#8211; Labirinto das Fal\u00e9sias<br \/>\n&#8211; Praia das Fontes ( Vale lembrar que para conhecer esse local, o passeio de buggy \u00e9 fundamental ) O passeio de buggy n\u00e3o estar incluso.<br \/>\n&#8211; Canoa Quebrada.<br \/>\n&#8211; Ponto de apoio Barraca Ant\u00f4nio do coco<\/p>\n<p>&nbsp;<\/p>\n<h3>Sa\u00edda<\/h3>\n<p>Sa\u00eddas a partir de 03h00<\/p>\n","protected":false},"excerpt":{"rendered":"<p>Sa\u00edmos a partir de 06h30, pegamos nos hot\u00e9is e pousadas em toda a orla mar\u00edtima de Fortaleza. Chegada em Morro Branco a partir de 09h30, Assim que chegamos vamos fazer a caminhada no Labirinto das Fal\u00e9sias, fazemos esse passeio com guia local. Logo ap\u00f3s o passeio em Morro Branco, seguimos para fazer o passeio de buggy ( Buggy n\u00e3o incluso ) O passeio de buggy \u00e9 aproximadamente 02h00 de passeio. Conhecemos de buggy a Praia das Fontes. Por \u00faltimo finalizamos em Canoa Quebrada, chegamos em Canoa a partir de 13h00 e temos como parada de apoio a barraca Antonio do Coco. Nossa sa\u00edda de Canoa Quebrada \u00e9 \u00e0s 16h00 e chegamos em Fortaleza a partir 19h30.<\/p>\n<style>\n        .botao {\n            display: inline-block;\n            padding: 10px 20px;\n            background-color: #007bff; \/* Cor de fundo do bot\u00e3o *\/\n            color: #fff; \/* Cor do texto do bot\u00e3o *\/\n            text-decoration: none; \/* Remover sublinhado padr\u00e3o de links *\/\n            border: none; \/* Remover borda padr\u00e3o *\/\n            border-radius: 5px; \/* Cantos arredondados *\/\n        }\n    <\/style>\n<p><a href=\"mailto:toptourexperiencefortaleza@gmail.com\" class=\"botao\">Reserve<\/a><br \/>\n<\/body><\/p>\n","protected":false},"featured_media":1343,"comment_status":"open","ping_status":"closed","template":"","meta":{"site-sidebar-layout":"default","site-content-layout":"default","ast-site-content-layout":"default","site-content-style":"default","site-sidebar-style":"default","ast-global-header-display":"","ast-banner-title-visibility":"","ast-main-header-display":"","ast-hfb-above-header-display":"","ast-hfb-below-header-display":"","ast-hfb-mobile-header-display":"","site-post-title":"","ast-breadcrumbs-content":"","ast-featured-img":"","footer-sml-layout":"","ast-disable-related-posts":"","theme-transparent-header-meta":"default","adv-header-id-meta":"","stick-header-meta":"","header-above-stick-meta":"","header-main-stick-meta":"","header-below-stick-meta":"","astra-migrate-meta-layouts":"set","ast-page-background-enabled":"default","ast-page-background-meta":{"desktop":{"background-color":"var(--ast-global-color-4)","background-image":"","background-repeat":"repeat","background-position":"center center","background-size":"auto","background-attachment":"scroll","background-type":"","background-media":"","overlay-type":"","overlay-color":"","overlay-opacity":"","overlay-gradient":""},"tablet":{"background-color":"","background-image":"","background-repeat":"repeat","background-position":"center center","background-size":"auto","background-attachment":"scroll","background-type":"","background-media":"","overlay-type":"","overlay-color":"","overlay-opacity":"","overlay-gradient":""},"mobile":{"background-color":"","background-image":"","background-repeat":"repeat","background-position":"center center","background-size":"auto","background-attachment":"scroll","background-type":"","background-media":"","overlay-type":"","overlay-color":"","overlay-opacity":"","overlay-gradient":""}},"ast-content-background-meta":{"desktop":{"background-color":"var(--ast-global-color-5)","background-image":"","background-repeat":"repeat","background-position":"center center","background-size":"auto","background-attachment":"scroll","background-type":"","background-media":"","overlay-type":"","overlay-color":"","overlay-opacity":"","overlay-gradient":""},"tablet":{"background-color":"var(--ast-global-color-5)","background-image":"","background-repeat":"repeat","background-position":"center center","background-size":"auto","background-attachment":"scroll","background-type":"","background-media":"","overlay-type":"","overlay-color":"","overlay-opacity":"","overlay-gradient":""},"mobile":{"background-color":"var(--ast-global-color-5)","background-image":"","background-repeat":"repeat","background-position":"center center","background-size":"auto","background-attachment":"scroll","background-type":"","background-media":"","overlay-type":"","overlay-color":"","overlay-opacity":"","overlay-gradient":""}}},"product_brand":[],"product_cat":[15],"product_tag":[],"class_list":{"0":"post-1342","1":"product","2":"type-product","3":"status-publish","4":"has-post-thumbnail","6":"product_cat-passeios","7":"desktop-align-left","8":"tablet-align-left","9":"mobile-align-left","11":"first","12":"instock","13":"shipping-taxable","14":"purchasable","15":"product-type-simple"},"_links":{"self":[{"href":"https:\/\/fortalezatoptour.com\/index.php\/wp-json\/wp\/v2\/product\/1342","targetHints":{"allow":["GET"]}}],"collection":[{"href":"https:\/\/fortalezatoptour.com\/index.php\/wp-json\/wp\/v2\/product"}],"about":[{"href":"https:\/\/fortalezatoptour.com\/index.php\/wp-json\/wp\/v2\/types\/product"}],"replies":[{"embeddable":true,"href":"https:\/\/fortalezatoptour.com\/index.php\/wp-json\/wp\/v2\/comments?post=1342"}],"wp:featuredmedia":[{"embeddable":true,"href":"https:\/\/fortalezatoptour.com\/index.php\/wp-json\/wp\/v2\/media\/1343"}],"wp:attachment":[{"href":"https:\/\/fortalezatoptour.com\/index.php\/wp-json\/wp\/v2\/media?parent=1342"}],"wp:term":[{"taxonomy":"product_brand","embeddable":true,"href":"https:\/\/fortalezatoptour.com\/index.php\/wp-json\/wp\/v2\/product_brand?post=1342"},{"taxonomy":"product_cat","embeddable":true,"href":"https:\/\/fortalezatoptour.com\/index.php\/wp-json\/wp\/v2\/product_cat?post=1342"},{"taxonomy":"product_tag","embeddable":true,"href":"https:\/\/fortalezatoptour.com\/index.php\/wp-json\/wp\/v2\/product_tag?post=1342"}],"curies":[{"name":"wp","href":"https:\/\/api.w.org\/{rel}","templated":true}]}}