{"id":1340,"date":"2023-07-04T12:03:42","date_gmt":"2023-07-04T15:03:42","guid":{"rendered":"https:\/\/fortalezatoptour.com\/?post_type=product&#038;p=1340"},"modified":"2025-11-01T16:10:30","modified_gmt":"2025-11-01T19:10:30","slug":"jeri-em-um-dia","status":"publish","type":"product","link":"https:\/\/fortalezatoptour.com\/index.php\/product\/jeri-em-um-dia\/","title":{"rendered":"JERI EM UM DIA"},"content":{"rendered":"<h3>Importante saber<\/h3>\n<p>Parada na \u00c1rvore da Pregui\u00e7a e Caminhada Ecol\u00f3gica para a Pedra Furada ( OPCIONAL ). As entradas nas barracas est\u00e3o inclusas. Jeri n\u00e3o possui caixas eletr\u00f4nicos. HOR\u00c1RIOS: Os embarques iniciam na madrugada a partir de 03:00 horas da manh\u00e3, passando pelos pontos espec\u00edficos : Beach Park, Praia do Futuro, Praia do Mucuripe, Av. Beira Mar, Praia de Iracema, Mercado Central, North Shopping e Atacad\u00e3o Caucaia. O \u00f4nibus s\u00f3 sai de Fortaleza a partir das 05:00 da manh\u00e3. Previs\u00e3o de chegada ao destino a partir das 09:30h. O embarque na volta inicia a partir das 17:40h na Vila de Jeri , depois partimos para Jijoca, e de Jijoca o \u00f4nibus sai a partir das 19:00h. A chegada em Fortaleza \u00e9 a partir das 00h00.<\/p>\n<p>&nbsp;<\/p>\n<h3>Paradas<\/h3>\n<p>&#8211; Passeio para a Lagoa do Para\u00edso<br \/>\n&#8211; Passeio para o Lagun Beach ( Entrada n\u00e3o inclusa)<br \/>\n&#8211; Parada na \u00c1rvore da Pregui\u00e7a<br \/>\n&#8211; Caminhada Ecol\u00f3gica para a Pedra Furada<br \/>\n&#8211; Vilarejo de Jericoacoara<br \/>\n&#8211; P\u00f4r do Sol nas Dunas do Parque<br \/>\n*Passeio Inclui traslado Ida e Volta em \u00d4nibus ou micro-\u00f4nibus, mais passeio de 4&#215;4<\/p>\n<p>&nbsp;<\/p>\n<h3>Sa\u00edda<\/h3>\n<p>Sa\u00eddas a partir de 03h00<\/p>\n","protected":false},"excerpt":{"rendered":"<p>Nosso passeio se inicia saindo de Fortaleza com destino \u00e0 Jericoacoara em \u00f4nibus, micro-\u00f4nibus ou van, onde no caminho contamos com uma parada para o caf\u00e9 da manh\u00e3 (n\u00e3o incluso). Chegando em Jijoca, paramos para o pagamento da taxa de turismo e troca de ve\u00edculo (Hillux). Ap\u00f3s isso, seguimos para a Lagoa do Para\u00edso onde voc\u00ea poder\u00e1 conhecer as famosas redes \u00e0 beira da lagoa e fazer lindos registros. Depois seguimos para a Lagun Beach (Entrada n\u00e3o incluso) Logo depois seguimos para a \u00e1rvore da pregui\u00e7a, com parada para foto e em seguida com destino \u00e0 vila, onde voc\u00ea ter\u00e1 a op\u00e7\u00e3o de fazer a caminhada ecol\u00f3gica at\u00e9 a Pedra Furada. E por fim assistimos o Por do Sol nas Dunas do Parque!<\/p>\n<style>\n        .botao {\n            display: inline-block;\n            padding: 10px 20px;\n            background-color: #007bff; \/* Cor de fundo do bot\u00e3o *\/\n            color: #fff; \/* Cor do texto do bot\u00e3o *\/\n            text-decoration: none; \/* Remover sublinhado padr\u00e3o de links *\/\n            border: none; \/* Remover borda padr\u00e3o *\/\n            border-radius: 5px; \/* Cantos arredondados *\/\n        }\n    <\/style>\n<p><a href=\"mailto:toptourexperiencefortaleza@gmail.com\" class=\"botao\">Reserve<\/a><br \/>\n<\/body><\/p>\n","protected":false},"featured_media":1341,"comment_status":"open","ping_status":"closed","template":"","meta":{"site-sidebar-layout":"default","site-content-layout":"default","ast-site-content-layout":"default","site-content-style":"default","site-sidebar-style":"default","ast-global-header-display":"","ast-banner-title-visibility":"","ast-main-header-display":"","ast-hfb-above-header-display":"","ast-hfb-below-header-display":"","ast-hfb-mobile-header-display":"","site-post-title":"","ast-breadcrumbs-content":"","ast-featured-img":"","footer-sml-layout":"","ast-disable-related-posts":"","theme-transparent-header-meta":"default","adv-header-id-meta":"","stick-header-meta":"","header-above-stick-meta":"","header-main-stick-meta":"","header-below-stick-meta":"","astra-migrate-meta-layouts":"set","ast-page-background-enabled":"default","ast-page-background-meta":{"desktop":{"background-color":"var(--ast-global-color-4)","background-image":"","background-repeat":"repeat","background-position":"center center","background-size":"auto","background-attachment":"scroll","background-type":"","background-media":"","overlay-type":"","overlay-color":"","overlay-opacity":"","overlay-gradient":""},"tablet":{"background-color":"","background-image":"","background-repeat":"repeat","background-position":"center center","background-size":"auto","background-attachment":"scroll","background-type":"","background-media":"","overlay-type":"","overlay-color":"","overlay-opacity":"","overlay-gradient":""},"mobile":{"background-color":"","background-image":"","background-repeat":"repeat","background-position":"center center","background-size":"auto","background-attachment":"scroll","background-type":"","background-media":"","overlay-type":"","overlay-color":"","overlay-opacity":"","overlay-gradient":""}},"ast-content-background-meta":{"desktop":{"background-color":"var(--ast-global-color-5)","background-image":"","background-repeat":"repeat","background-position":"center center","background-size":"auto","background-attachment":"scroll","background-type":"","background-media":"","overlay-type":"","overlay-color":"","overlay-opacity":"","overlay-gradient":""},"tablet":{"background-color":"var(--ast-global-color-5)","background-image":"","background-repeat":"repeat","background-position":"center center","background-size":"auto","background-attachment":"scroll","background-type":"","background-media":"","overlay-type":"","overlay-color":"","overlay-opacity":"","overlay-gradient":""},"mobile":{"background-color":"var(--ast-global-color-5)","background-image":"","background-repeat":"repeat","background-position":"center center","background-size":"auto","background-attachment":"scroll","background-type":"","background-media":"","overlay-type":"","overlay-color":"","overlay-opacity":"","overlay-gradient":""}}},"product_brand":[],"product_cat":[15],"product_tag":[],"class_list":{"0":"post-1340","1":"product","2":"type-product","3":"status-publish","4":"has-post-thumbnail","6":"product_cat-passeios","7":"desktop-align-left","8":"tablet-align-left","9":"mobile-align-left","11":"first","12":"instock","13":"shipping-taxable","14":"purchasable","15":"product-type-simple"},"_links":{"self":[{"href":"https:\/\/fortalezatoptour.com\/index.php\/wp-json\/wp\/v2\/product\/1340","targetHints":{"allow":["GET"]}}],"collection":[{"href":"https:\/\/fortalezatoptour.com\/index.php\/wp-json\/wp\/v2\/product"}],"about":[{"href":"https:\/\/fortalezatoptour.com\/index.php\/wp-json\/wp\/v2\/types\/product"}],"replies":[{"embeddable":true,"href":"https:\/\/fortalezatoptour.com\/index.php\/wp-json\/wp\/v2\/comments?post=1340"}],"wp:featuredmedia":[{"embeddable":true,"href":"https:\/\/fortalezatoptour.com\/index.php\/wp-json\/wp\/v2\/media\/1341"}],"wp:attachment":[{"href":"https:\/\/fortalezatoptour.com\/index.php\/wp-json\/wp\/v2\/media?parent=1340"}],"wp:term":[{"taxonomy":"product_brand","embeddable":true,"href":"https:\/\/fortalezatoptour.com\/index.php\/wp-json\/wp\/v2\/product_brand?post=1340"},{"taxonomy":"product_cat","embeddable":true,"href":"https:\/\/fortalezatoptour.com\/index.php\/wp-json\/wp\/v2\/product_cat?post=1340"},{"taxonomy":"product_tag","embeddable":true,"href":"https:\/\/fortalezatoptour.com\/index.php\/wp-json\/wp\/v2\/product_tag?post=1340"}],"curies":[{"name":"wp","href":"https:\/\/api.w.org\/{rel}","templated":true}]}}